{"id":613,"date":"2025-09-07T12:23:21","date_gmt":"2025-09-07T17:23:21","guid":{"rendered":"https:\/\/michiclicks.com\/?page_id=613"},"modified":"2026-03-02T10:08:31","modified_gmt":"2026-03-02T15:08:31","slug":"couple-photography-in-cancun-isla-mujeres","status":"publish","type":"page","link":"https:\/\/michiclicks.com\/es\/couple-photography-in-cancun-isla-mujeres\/","title":{"rendered":"Couple Photography in Cancun &amp; Isla Mujeres"},"content":{"rendered":"<h1>Luxury Couple Photography Experience &nbsp;<\/h1>\n<h1><\/h1>\n<p>Couple, Engagement &amp; Maternity Photography in Cancun &amp; Isla Mujeres<\/p>\n\n\n\n\n\n\n\n\n\n<h2>Precios para la Zona Hotelera de Canc\u00fan<\/h2>\n\n\n\n\n\n\n<strong>40 min<\/strong> Sesi\u00f3n de sesi\u00f3n fotogr\u00e1fica en una ubicaci\u00f3n de playa.\n<strong>40 edited<\/strong> Fotograf\u00edas editadas digitales de alta resoluci\u00f3n.\n<strong>2 Fotos Expres<\/strong> (entrega 24 horas)\n<strong>Drone<\/strong> video y fotos\n<strong>Todas las fotos sin editar<\/strong> photos\nDirection and posing guidance\n<strong>Privada<\/strong> Galer\u00eda privada en l\u00ednea.\n<strong>Stress-free<\/strong> romantic experience\n<strong>Locaciones Seguras<\/strong>, cuidadosamente seleccionado para garantizar comodidad, amplitud y una experiencia sin contratiempos\n\n\n\n\n<strong>1 hora<\/strong> photoshoot at a beach location or hotel area\n<strong>60 edited<\/strong> Fotograf\u00edas editadas digitales de alta resoluci\u00f3n.\n<strong>Drone photo + video clip peque\u00f1o<\/strong>\n<strong>4 Fotos Expres<\/strong> (entrega 24 horas)\n<strong>Todas las fotos sin editar<\/strong> photos\nDirection and posing guidance\n<strong>Privada<\/strong> Galer\u00eda privada en l\u00ednea.\n<strong>Ubicaciones de playa espectaculares y seguras<\/strong>, thoughtfully selected for an elevated and unforgettable experience in Cancun\n\n\n\n\n\nWith countless stunning locations across <strong>Cancun and Isla Mujeres<\/strong>, choosing the perfect setting for your <strong>proposal or photoshoot can be challenging<\/strong>.\n\n<strong>Let us guide you<\/strong>. We\u2019ll provide personalized recommendations and insider advice to help you <strong>create an experience that feels effortless, meaningful and unforgettable.<\/strong>\n\n<h2>Cont\u00e1ctanos<\/h2>\n\n\n\n\n\n\n\n\n\n\n\n\n&nbsp;\n\n\n\n<h2>Servicio de Fotograf\u00eda para Parejas<\/h2>\n<p>Nos especializamos en capturar historias de amor a trav\u00e9s de fotograf\u00eda atemporal en Canc\u00fan e Isla Mujeres. Desde sesiones \u00edntimas de pareja y propuestas rom\u00e1nticas hasta sesiones de Save the Date y fotograf\u00edas de maternidad, nuestro objetivo es transformar tus momentos m\u00e1s significativos en recuerdos inolvidables.\n\nCon las impresionantes playas del Caribe, atardeceres dorados y un enfoque totalmente personalizado, creamos im\u00e1genes art\u00edsticas que reflejan tu conexi\u00f3n \u00fanica. Ya sea que est\u00e9s celebrando un compromiso, esperando la llegada de un beb\u00e9 o simplemente quieras inmortalizar el v\u00ednculo con tu ser querido, cada sesi\u00f3n fotogr\u00e1fica se convierte en una experiencia \u00fanica e inolvidable.<\/p>\n\n\n<p><span style=\"text-align: start;\">Sesiones rom\u00e1nticas y de estilo de vida para parejas que desean capturar su amor en el para\u00edso.<\/span><br><\/p>\n<p><span style=\"text-align: start;\">Celebra tu propuesta o compromiso con impresionantes fotos profesionales en Canc\u00fan o Isla Mujeres.<\/span><br><\/p>\n<p>Fotograf\u00eda Save the Date con escenarios tropicales en Isla Mujeres o Canc\u00fan<\/p>\n\n\n<p>Lorem Ipsum has been the industry&#8217;s standard dummy text ever since the 1500s.<\/p>\n\n\n<p><span style=\"text-align: start;\">Sesiones de fotos discretas para propuestas rom\u00e1nticas en la playa<\/span><br><\/p>\n<p><span style=\"text-align: start;\">Celebra la belleza de la maternidad con elegantes e \u00edntimas sesiones de fotos de embarazo junto al mar.<\/span><br><\/p>\n<p><span style=\"text-align: start;\">Retratos elegantes para renovaci\u00f3n de votos frente al mar Caribe<\/span><br><\/p>\n\n\n\n\n\n\n\n\n\n\n\n<p><strong>*Disclaimer: <\/strong>Los precios pueden variar. Las tarifas cotizadas est\u00e1n calculadas para la zona hotelera de Canc\u00fan. Los precios NO incluyen boletos de day pass, vi\u00e1ticos ni cuotas de proveedores. <strong>Playa del Carmen<\/strong>, un cargo adicional de <strong>$100 USD <\/strong>aplica<strong>,&nbsp;<\/strong>Para algunas locaciones de<strong> Isla Mujeres<\/strong>, un cargo adicional de <strong>$20 USD<\/strong>&nbsp;Aplica un cargo adicional. Las sesiones individuales no incluyen una locaci\u00f3n espec\u00edfica. Todos los precios son precios base, y cualquier servicio adicional o personalizaci\u00f3n solicitada por el cliente puede generar un ajuste en el costo final. Para cualquier proyecto se requiere un anticipo del 50% al momento de la reserva. El pago restante deber\u00e1 liquidarse el d\u00eda de la sesi\u00f3n, antes de la entrega de las fotograf\u00edas sin editar.&nbsp;<\/p>","protected":false},"excerpt":{"rendered":"","protected":false},"author":1,"featured_media":0,"parent":0,"menu_order":0,"comment_status":"closed","ping_status":"closed","template":"","meta":{"nf_dc_page":"","om_disable_all_campaigns":false,"pagelayer_contact_templates":[],"_pagelayer_content":"","footnotes":""},"class_list":["post-613","page","type-page","status-publish","hentry"],"yoast_head":"<!-- This site is optimized with the Yoast SEO plugin v27.4 - https:\/\/yoast.com\/product\/yoast-seo-wordpress\/ -->\n<title>Couple Photography in Cancun &amp; Isla Mujeres - Michi Clicks<\/title>\n<meta name=\"robots\" content=\"index, follow, max-snippet:-1, max-image-preview:large, max-video-preview:-1\" \/>\n<link rel=\"canonical\" href=\"https:\/\/michiclicks.com\/es\/couple-photography-in-cancun-isla-mujeres\/\" \/>\n<meta property=\"og:locale\" content=\"es_MX\" \/>\n<meta property=\"og:type\" content=\"article\" \/>\n<meta property=\"og:title\" content=\"Couple Photography in Cancun &amp; Isla Mujeres - Michi Clicks\" \/>\n<meta property=\"og:url\" content=\"https:\/\/michiclicks.com\/es\/couple-photography-in-cancun-isla-mujeres\/\" \/>\n<meta property=\"og:site_name\" content=\"Michi Clicks\" \/>\n<meta property=\"article:modified_time\" content=\"2026-03-02T15:08:31+00:00\" \/>\n<meta name=\"twitter:card\" content=\"summary_large_image\" \/>\n<meta name=\"twitter:site\" content=\"@michiclicks\" \/>\n<meta name=\"twitter:label1\" content=\"Tiempo de lectura\" \/>\n\t<meta name=\"twitter:data1\" content=\"2 minutos\" \/>\n<script type=\"application\/ld+json\" class=\"yoast-schema-graph\">{\"@context\":\"https:\\\/\\\/schema.org\",\"@graph\":[{\"@type\":\"WebPage\",\"@id\":\"https:\\\/\\\/michiclicks.com\\\/en\\\/couple-photography-in-cancun-isla-mujeres\\\/\",\"url\":\"https:\\\/\\\/michiclicks.com\\\/en\\\/couple-photography-in-cancun-isla-mujeres\\\/\",\"name\":\"Couple Photography in Cancun &amp; Isla Mujeres - Michi Clicks\",\"isPartOf\":{\"@id\":\"https:\\\/\\\/michiclicks.com\\\/en\\\/#website\"},\"datePublished\":\"2025-09-07T17:23:21+00:00\",\"dateModified\":\"2026-03-02T15:08:31+00:00\",\"breadcrumb\":{\"@id\":\"https:\\\/\\\/michiclicks.com\\\/en\\\/couple-photography-in-cancun-isla-mujeres\\\/#breadcrumb\"},\"inLanguage\":\"es\",\"potentialAction\":[{\"@type\":\"ReadAction\",\"target\":[\"https:\\\/\\\/michiclicks.com\\\/en\\\/couple-photography-in-cancun-isla-mujeres\\\/\"]}]},{\"@type\":\"BreadcrumbList\",\"@id\":\"https:\\\/\\\/michiclicks.com\\\/en\\\/couple-photography-in-cancun-isla-mujeres\\\/#breadcrumb\",\"itemListElement\":[{\"@type\":\"ListItem\",\"position\":1,\"name\":\"Home\",\"item\":\"https:\\\/\\\/michiclicks.com\\\/en\\\/\"},{\"@type\":\"ListItem\",\"position\":2,\"name\":\"Couple Photography in Cancun &amp; Isla Mujeres\"}]},{\"@type\":\"WebSite\",\"@id\":\"https:\\\/\\\/michiclicks.com\\\/en\\\/#website\",\"url\":\"https:\\\/\\\/michiclicks.com\\\/en\\\/\",\"name\":\"Michi Clicks\",\"description\":\"Fotograf\u00eda Editorial y Para Creadores de Contenido para Canc\u00fan, Riviera Maya y Merida\",\"publisher\":{\"@id\":\"https:\\\/\\\/michiclicks.com\\\/en\\\/#organization\"},\"potentialAction\":[{\"@type\":\"SearchAction\",\"target\":{\"@type\":\"EntryPoint\",\"urlTemplate\":\"https:\\\/\\\/michiclicks.com\\\/en\\\/?s={search_term_string}\"},\"query-input\":{\"@type\":\"PropertyValueSpecification\",\"valueRequired\":true,\"valueName\":\"search_term_string\"}}],\"inLanguage\":\"es\"},{\"@type\":\"Organization\",\"@id\":\"https:\\\/\\\/michiclicks.com\\\/en\\\/#organization\",\"name\":\"Michi Clicks\",\"url\":\"https:\\\/\\\/michiclicks.com\\\/en\\\/\",\"logo\":{\"@type\":\"ImageObject\",\"inLanguage\":\"es\",\"@id\":\"https:\\\/\\\/michiclicks.com\\\/en\\\/#\\\/schema\\\/logo\\\/image\\\/\",\"url\":\"https:\\\/\\\/i0.wp.com\\\/michiclicks.com\\\/wp-content\\\/uploads\\\/2023\\\/05\\\/toplogob.png?fit=1110%2C233&ssl=1\",\"contentUrl\":\"https:\\\/\\\/i0.wp.com\\\/michiclicks.com\\\/wp-content\\\/uploads\\\/2023\\\/05\\\/toplogob.png?fit=1110%2C233&ssl=1\",\"width\":1110,\"height\":233,\"caption\":\"Michi Clicks\"},\"image\":{\"@id\":\"https:\\\/\\\/michiclicks.com\\\/en\\\/#\\\/schema\\\/logo\\\/image\\\/\"},\"sameAs\":[\"https:\\\/\\\/x.com\\\/michiclicks\",\"https:\\\/\\\/www.instagram.com\\\/michiclicks\\\/\"]}]}<\/script>\n<!-- \/ Yoast SEO plugin. -->","yoast_head_json":{"title":"Couple Photography in Cancun &amp; Isla Mujeres - Michi Clicks","robots":{"index":"index","follow":"follow","max-snippet":"max-snippet:-1","max-image-preview":"max-image-preview:large","max-video-preview":"max-video-preview:-1"},"canonical":"https:\/\/michiclicks.com\/es\/couple-photography-in-cancun-isla-mujeres\/","og_locale":"es_MX","og_type":"article","og_title":"Couple Photography in Cancun &amp; Isla Mujeres - Michi Clicks","og_url":"https:\/\/michiclicks.com\/es\/couple-photography-in-cancun-isla-mujeres\/","og_site_name":"Michi Clicks","article_modified_time":"2026-03-02T15:08:31+00:00","twitter_card":"summary_large_image","twitter_site":"@michiclicks","twitter_misc":{"Tiempo de lectura":"2 minutos"},"schema":{"@context":"https:\/\/schema.org","@graph":[{"@type":"WebPage","@id":"https:\/\/michiclicks.com\/en\/couple-photography-in-cancun-isla-mujeres\/","url":"https:\/\/michiclicks.com\/en\/couple-photography-in-cancun-isla-mujeres\/","name":"Couple Photography in Cancun &amp; Isla Mujeres - Michi Clicks","isPartOf":{"@id":"https:\/\/michiclicks.com\/en\/#website"},"datePublished":"2025-09-07T17:23:21+00:00","dateModified":"2026-03-02T15:08:31+00:00","breadcrumb":{"@id":"https:\/\/michiclicks.com\/en\/couple-photography-in-cancun-isla-mujeres\/#breadcrumb"},"inLanguage":"es","potentialAction":[{"@type":"ReadAction","target":["https:\/\/michiclicks.com\/en\/couple-photography-in-cancun-isla-mujeres\/"]}]},{"@type":"BreadcrumbList","@id":"https:\/\/michiclicks.com\/en\/couple-photography-in-cancun-isla-mujeres\/#breadcrumb","itemListElement":[{"@type":"ListItem","position":1,"name":"Home","item":"https:\/\/michiclicks.com\/en\/"},{"@type":"ListItem","position":2,"name":"Couple Photography in Cancun &amp; Isla Mujeres"}]},{"@type":"WebSite","@id":"https:\/\/michiclicks.com\/en\/#website","url":"https:\/\/michiclicks.com\/en\/","name":"Michi Clicks","description":"Fotograf\u00eda Editorial y Para Creadores de Contenido para Canc\u00fan, Riviera Maya y Merida","publisher":{"@id":"https:\/\/michiclicks.com\/en\/#organization"},"potentialAction":[{"@type":"SearchAction","target":{"@type":"EntryPoint","urlTemplate":"https:\/\/michiclicks.com\/en\/?s={search_term_string}"},"query-input":{"@type":"PropertyValueSpecification","valueRequired":true,"valueName":"search_term_string"}}],"inLanguage":"es"},{"@type":"Organization","@id":"https:\/\/michiclicks.com\/en\/#organization","name":"Michi Clicks","url":"https:\/\/michiclicks.com\/en\/","logo":{"@type":"ImageObject","inLanguage":"es","@id":"https:\/\/michiclicks.com\/en\/#\/schema\/logo\/image\/","url":"https:\/\/i0.wp.com\/michiclicks.com\/wp-content\/uploads\/2023\/05\/toplogob.png?fit=1110%2C233&ssl=1","contentUrl":"https:\/\/i0.wp.com\/michiclicks.com\/wp-content\/uploads\/2023\/05\/toplogob.png?fit=1110%2C233&ssl=1","width":1110,"height":233,"caption":"Michi Clicks"},"image":{"@id":"https:\/\/michiclicks.com\/en\/#\/schema\/logo\/image\/"},"sameAs":["https:\/\/x.com\/michiclicks","https:\/\/www.instagram.com\/michiclicks\/"]}]}},"jetpack_sharing_enabled":true,"_links":{"self":[{"href":"https:\/\/michiclicks.com\/es\/wp-json\/wp\/v2\/pages\/613","targetHints":{"allow":["GET"]}}],"collection":[{"href":"https:\/\/michiclicks.com\/es\/wp-json\/wp\/v2\/pages"}],"about":[{"href":"https:\/\/michiclicks.com\/es\/wp-json\/wp\/v2\/types\/page"}],"author":[{"embeddable":true,"href":"https:\/\/michiclicks.com\/es\/wp-json\/wp\/v2\/users\/1"}],"replies":[{"embeddable":true,"href":"https:\/\/michiclicks.com\/es\/wp-json\/wp\/v2\/comments?post=613"}],"version-history":[{"count":5,"href":"https:\/\/michiclicks.com\/es\/wp-json\/wp\/v2\/pages\/613\/revisions"}],"predecessor-version":[{"id":714,"href":"https:\/\/michiclicks.com\/es\/wp-json\/wp\/v2\/pages\/613\/revisions\/714"}],"wp:attachment":[{"href":"https:\/\/michiclicks.com\/es\/wp-json\/wp\/v2\/media?parent=613"}],"curies":[{"name":"wp","href":"https:\/\/api.w.org\/{rel}","templated":true}]}}