{"id":492,"date":"2024-07-22T14:33:35","date_gmt":"2024-07-22T19:33:35","guid":{"rendered":"https:\/\/michiclicks.com\/?page_id=492"},"modified":"2026-01-01T17:49:30","modified_gmt":"2026-01-01T22:49:30","slug":"wedding-photography-in-cancun","status":"publish","type":"page","link":"https:\/\/michiclicks.com\/es\/wedding-photography-in-cancun\/","title":{"rendered":"FOTOGRAF\u00cdA DE BODAS ELEGANTE Y ARTISTICa EN CANC\u00daN"},"content":{"rendered":"<h2>FOTOGRAF\u00cdA DE BODAS ELEGANTE Y ARTISTICa EN CANC\u00daN <\/h2>\n<p>Inmortalizamos tu Boda en Canc\u00fan<\/p>\n\n\n\n\n\n\n\n\n\n\n\n&nbsp;\n\n\n\n<h2>Nuestros Servicios de Fotograf\u00eda para Bodas<\/h2>\n<p>Experience the magic of your wedding day in the breathtaking setting of Cancun. Our expert wedding photography services are dedicated to capturing the essence of your love story, ensuring every precious moment is preserved in stunning detail. With the turquoise waters and pristine beaches of the Mexican Caribbean as your backdrop, we create timeless images that you&#8217;ll cherish forever. Let us turn your dream wedding into a visual masterpiece, filled with love, joy, and unforgettable memories.<\/p>\n\n\n<p><span style=\"text-align: start;\">Capture the excitement and romance leading up to your big day with a beautiful engagement session. We&#8217;ll work with you to select the perfect locations in Cancun and the Riviera Maya, creating stunning photos that reflect your unique love story.<\/span><br><\/p>\n<p><span style=\"text-align: start;\">Nuestro servicio integral de fotograf\u00eda del d\u00eda de la boda cubre todos los aspectos de su celebraci\u00f3n, desde la ceremonia hasta la recepci\u00f3n. Capturamos momentos sinceros, emociones sinceras y todos los peque\u00f1os detalles que hacen que tu d\u00eda sea \u00fanico.<\/span><br><\/p>\n<p><p><\/p><\/p><p>Agregue una perspectiva \u00fanica a las fotograf\u00edas de su boda con nuestros servicios de fotograf\u00eda con drone. Capture impresionantes tomas a\u00e9reas de su lugar y sus alrededores, brindando una impresionante descripci\u00f3n general de su d\u00eda especial.<\/p>\n\n\n\n\n\n\n<p><span style=\"text-align: start;\">After the big day, let loose with a fun and creative &#8220;Trash the Dress&#8221; session. Whether it&#8217;s splashing in the turquoise waters or exploring hidden gems around Cancun, these sessions are all about celebrating your love in a playful and unforgettable way.<\/span><br><\/p>\n<p><span style=\"text-align: start;\">Celebrate your continued love and commitment with a vow renewal ceremony captured in beautiful photos. We&#8217;ll ensure that the essence of your enduring love is reflected in every image.<\/span><br><\/p>\n<p><span style=\"text-align: start;\">If you&#8217;re planning a destination wedding in Cancun or the Riviera Maya, we offer tailored packages to meet your needs. From beach ceremonies to luxurious resorts, we&#8217;ll be there to capture your dream wedding.<\/span><br><\/p>\n\n\n<p><span style=\"color: rgb(0, 0, 0); font-family: Ubuntu; font-size: 16px; font-weight: 600; text-align: center; text-transform: uppercase;\">POST WEDDING EDITING<\/span><\/p>\n<p><span\u00a0style=\"color: rgb(0,=\"\" 0,=\"\" 0);=\"\" font-family:=\"\" ubuntu;=\"\" font-size:=\"\" 16px;=\"\" font-weight:=\"\" 600;=\"\" text-align:=\"\" center;=\"\" text-transform:=\"\" uppercase;\"=\"\">Our professional editing services ensure that every photo is polished to perfection. We focus on enhancing the natural beauty of your images, providing you with a collection of stunning photos that reflect the magic of your wedding day.<br><\/span\u00a0style=\"color:><\/p>\n\n\n\n\n\n\n\n\n\n\n<h2>Cont\u00e1ctanos<\/h2>","protected":false},"excerpt":{"rendered":"","protected":false},"author":1,"featured_media":0,"parent":0,"menu_order":0,"comment_status":"closed","ping_status":"closed","template":"","meta":{"nf_dc_page":"","om_disable_all_campaigns":false,"pagelayer_contact_templates":[],"_pagelayer_content":"","footnotes":""},"class_list":["post-492","page","type-page","status-publish","hentry"],"yoast_head":"<!-- This site is optimized with the Yoast SEO plugin v27.4 - https:\/\/yoast.com\/product\/yoast-seo-wordpress\/ -->\n<title>Elegant and Timeless Wedding Photography in Cancun - Michi Clicks<\/title>\n<meta name=\"robots\" content=\"index, follow, max-snippet:-1, max-image-preview:large, max-video-preview:-1\" \/>\n<link rel=\"canonical\" href=\"https:\/\/michiclicks.com\/es\/wedding-photography-in-cancun\/\" \/>\n<meta property=\"og:locale\" content=\"es_MX\" \/>\n<meta property=\"og:type\" content=\"article\" \/>\n<meta property=\"og:title\" content=\"Elegant and Timeless Wedding Photography in Cancun - Michi Clicks\" \/>\n<meta property=\"og:url\" content=\"https:\/\/michiclicks.com\/es\/wedding-photography-in-cancun\/\" \/>\n<meta property=\"og:site_name\" content=\"Michi Clicks\" \/>\n<meta property=\"article:modified_time\" content=\"2026-01-01T22:49:30+00:00\" \/>\n<meta name=\"twitter:card\" content=\"summary_large_image\" \/>\n<meta name=\"twitter:site\" content=\"@michiclicks\" \/>\n<meta name=\"twitter:label1\" content=\"Tiempo de lectura\" \/>\n\t<meta name=\"twitter:data1\" content=\"2 minutos\" \/>\n<script type=\"application\/ld+json\" class=\"yoast-schema-graph\">{\"@context\":\"https:\\\/\\\/schema.org\",\"@graph\":[{\"@type\":\"WebPage\",\"@id\":\"https:\\\/\\\/michiclicks.com\\\/en\\\/wedding-photography-in-cancun\\\/\",\"url\":\"https:\\\/\\\/michiclicks.com\\\/en\\\/wedding-photography-in-cancun\\\/\",\"name\":\"Elegant and Timeless Wedding Photography in Cancun - Michi Clicks\",\"isPartOf\":{\"@id\":\"https:\\\/\\\/michiclicks.com\\\/en\\\/#website\"},\"datePublished\":\"2024-07-22T19:33:35+00:00\",\"dateModified\":\"2026-01-01T22:49:30+00:00\",\"breadcrumb\":{\"@id\":\"https:\\\/\\\/michiclicks.com\\\/en\\\/wedding-photography-in-cancun\\\/#breadcrumb\"},\"inLanguage\":\"es\",\"potentialAction\":[{\"@type\":\"ReadAction\",\"target\":[\"https:\\\/\\\/michiclicks.com\\\/en\\\/wedding-photography-in-cancun\\\/\"]}]},{\"@type\":\"BreadcrumbList\",\"@id\":\"https:\\\/\\\/michiclicks.com\\\/en\\\/wedding-photography-in-cancun\\\/#breadcrumb\",\"itemListElement\":[{\"@type\":\"ListItem\",\"position\":1,\"name\":\"Home\",\"item\":\"https:\\\/\\\/michiclicks.com\\\/en\\\/\"},{\"@type\":\"ListItem\",\"position\":2,\"name\":\"Elegant and Timeless Wedding Photography in Cancun\"}]},{\"@type\":\"WebSite\",\"@id\":\"https:\\\/\\\/michiclicks.com\\\/en\\\/#website\",\"url\":\"https:\\\/\\\/michiclicks.com\\\/en\\\/\",\"name\":\"Michi Clicks\",\"description\":\"Fotograf\u00eda Editorial y Para Creadores de Contenido para Canc\u00fan, Riviera Maya y Merida\",\"publisher\":{\"@id\":\"https:\\\/\\\/michiclicks.com\\\/en\\\/#organization\"},\"potentialAction\":[{\"@type\":\"SearchAction\",\"target\":{\"@type\":\"EntryPoint\",\"urlTemplate\":\"https:\\\/\\\/michiclicks.com\\\/en\\\/?s={search_term_string}\"},\"query-input\":{\"@type\":\"PropertyValueSpecification\",\"valueRequired\":true,\"valueName\":\"search_term_string\"}}],\"inLanguage\":\"es\"},{\"@type\":\"Organization\",\"@id\":\"https:\\\/\\\/michiclicks.com\\\/en\\\/#organization\",\"name\":\"Michi Clicks\",\"url\":\"https:\\\/\\\/michiclicks.com\\\/en\\\/\",\"logo\":{\"@type\":\"ImageObject\",\"inLanguage\":\"es\",\"@id\":\"https:\\\/\\\/michiclicks.com\\\/en\\\/#\\\/schema\\\/logo\\\/image\\\/\",\"url\":\"https:\\\/\\\/i0.wp.com\\\/michiclicks.com\\\/wp-content\\\/uploads\\\/2023\\\/05\\\/toplogob.png?fit=1110%2C233&ssl=1\",\"contentUrl\":\"https:\\\/\\\/i0.wp.com\\\/michiclicks.com\\\/wp-content\\\/uploads\\\/2023\\\/05\\\/toplogob.png?fit=1110%2C233&ssl=1\",\"width\":1110,\"height\":233,\"caption\":\"Michi Clicks\"},\"image\":{\"@id\":\"https:\\\/\\\/michiclicks.com\\\/en\\\/#\\\/schema\\\/logo\\\/image\\\/\"},\"sameAs\":[\"https:\\\/\\\/x.com\\\/michiclicks\",\"https:\\\/\\\/www.instagram.com\\\/michiclicks\\\/\"]}]}<\/script>\n<!-- \/ Yoast SEO plugin. -->","yoast_head_json":{"title":"Elegant and Timeless Wedding Photography in Cancun - Michi Clicks","robots":{"index":"index","follow":"follow","max-snippet":"max-snippet:-1","max-image-preview":"max-image-preview:large","max-video-preview":"max-video-preview:-1"},"canonical":"https:\/\/michiclicks.com\/es\/wedding-photography-in-cancun\/","og_locale":"es_MX","og_type":"article","og_title":"Elegant and Timeless Wedding Photography in Cancun - Michi Clicks","og_url":"https:\/\/michiclicks.com\/es\/wedding-photography-in-cancun\/","og_site_name":"Michi Clicks","article_modified_time":"2026-01-01T22:49:30+00:00","twitter_card":"summary_large_image","twitter_site":"@michiclicks","twitter_misc":{"Tiempo de lectura":"2 minutos"},"schema":{"@context":"https:\/\/schema.org","@graph":[{"@type":"WebPage","@id":"https:\/\/michiclicks.com\/en\/wedding-photography-in-cancun\/","url":"https:\/\/michiclicks.com\/en\/wedding-photography-in-cancun\/","name":"Elegant and Timeless Wedding Photography in Cancun - Michi Clicks","isPartOf":{"@id":"https:\/\/michiclicks.com\/en\/#website"},"datePublished":"2024-07-22T19:33:35+00:00","dateModified":"2026-01-01T22:49:30+00:00","breadcrumb":{"@id":"https:\/\/michiclicks.com\/en\/wedding-photography-in-cancun\/#breadcrumb"},"inLanguage":"es","potentialAction":[{"@type":"ReadAction","target":["https:\/\/michiclicks.com\/en\/wedding-photography-in-cancun\/"]}]},{"@type":"BreadcrumbList","@id":"https:\/\/michiclicks.com\/en\/wedding-photography-in-cancun\/#breadcrumb","itemListElement":[{"@type":"ListItem","position":1,"name":"Home","item":"https:\/\/michiclicks.com\/en\/"},{"@type":"ListItem","position":2,"name":"Elegant and Timeless Wedding Photography in Cancun"}]},{"@type":"WebSite","@id":"https:\/\/michiclicks.com\/en\/#website","url":"https:\/\/michiclicks.com\/en\/","name":"Michi Clicks","description":"Fotograf\u00eda Editorial y Para Creadores de Contenido para Canc\u00fan, Riviera Maya y Merida","publisher":{"@id":"https:\/\/michiclicks.com\/en\/#organization"},"potentialAction":[{"@type":"SearchAction","target":{"@type":"EntryPoint","urlTemplate":"https:\/\/michiclicks.com\/en\/?s={search_term_string}"},"query-input":{"@type":"PropertyValueSpecification","valueRequired":true,"valueName":"search_term_string"}}],"inLanguage":"es"},{"@type":"Organization","@id":"https:\/\/michiclicks.com\/en\/#organization","name":"Michi Clicks","url":"https:\/\/michiclicks.com\/en\/","logo":{"@type":"ImageObject","inLanguage":"es","@id":"https:\/\/michiclicks.com\/en\/#\/schema\/logo\/image\/","url":"https:\/\/i0.wp.com\/michiclicks.com\/wp-content\/uploads\/2023\/05\/toplogob.png?fit=1110%2C233&ssl=1","contentUrl":"https:\/\/i0.wp.com\/michiclicks.com\/wp-content\/uploads\/2023\/05\/toplogob.png?fit=1110%2C233&ssl=1","width":1110,"height":233,"caption":"Michi Clicks"},"image":{"@id":"https:\/\/michiclicks.com\/en\/#\/schema\/logo\/image\/"},"sameAs":["https:\/\/x.com\/michiclicks","https:\/\/www.instagram.com\/michiclicks\/"]}]}},"jetpack_sharing_enabled":true,"_links":{"self":[{"href":"https:\/\/michiclicks.com\/es\/wp-json\/wp\/v2\/pages\/492","targetHints":{"allow":["GET"]}}],"collection":[{"href":"https:\/\/michiclicks.com\/es\/wp-json\/wp\/v2\/pages"}],"about":[{"href":"https:\/\/michiclicks.com\/es\/wp-json\/wp\/v2\/types\/page"}],"author":[{"embeddable":true,"href":"https:\/\/michiclicks.com\/es\/wp-json\/wp\/v2\/users\/1"}],"replies":[{"embeddable":true,"href":"https:\/\/michiclicks.com\/es\/wp-json\/wp\/v2\/comments?post=492"}],"version-history":[{"count":5,"href":"https:\/\/michiclicks.com\/es\/wp-json\/wp\/v2\/pages\/492\/revisions"}],"predecessor-version":[{"id":680,"href":"https:\/\/michiclicks.com\/es\/wp-json\/wp\/v2\/pages\/492\/revisions\/680"}],"wp:attachment":[{"href":"https:\/\/michiclicks.com\/es\/wp-json\/wp\/v2\/media?parent=492"}],"curies":[{"name":"wp","href":"https:\/\/api.w.org\/{rel}","templated":true}]}}