{"id":213,"date":"2023-07-08T16:49:45","date_gmt":"2023-07-08T21:49:45","guid":{"rendered":"https:\/\/michiclicks.com\/?page_id=213"},"modified":"2026-03-28T13:59:10","modified_gmt":"2026-03-28T18:59:10","slug":"packages","status":"publish","type":"page","link":"https:\/\/michiclicks.com\/es\/packages\/","title":{"rendered":"Packages- Session Prices in Cancun"},"content":{"rendered":"<h1>Sesiones fotogr\u00e1ficas de ensue\u00f1o <br> en las playas m\u00e1s ic\u00f3nicas de Canc\u00fan <\/h1>\n\n<h5>\n<\/h5><h5>Precios para la Zona Hotelera de Canc\u00fan<\/h5>\n\n\n\n\n\n\n<strong>40 min<\/strong> Sesi\u00f3n de sesi\u00f3n fotogr\u00e1fica en una ubicaci\u00f3n de playa.\n\n\n<strong>40<\/strong>&nbsp;Fotograf\u00edas editadas digitales de alta resoluci\u00f3n.\n\n\n<strong>2 Fotos Expres<\/strong> (entrega 24 horas)\n\n\n<strong>Drone Video<\/strong> and Photo\n\n\nAll unedited photos\n\n\nDirection and posing guidance\n\n\nPrivate online gallery\n\n<strong>Stress-free<\/strong> romantic experience\n<strong>Locaciones Seguras<\/strong><strong><\/strong>, cuidadosamente seleccionado para garantizar comodidad, amplitud y una experiencia sin contratiempos\n\n\n\n\n\n<strong>1 hora<\/strong> Sesi\u00f3n de sesi\u00f3n fotogr\u00e1fica en una ubicaci\u00f3n de playa.\n\n\n<strong>60<\/strong>&nbsp;Edited high-resolution digital photographs\n\nDrone <strong>Photos<\/strong>\n\nAll unedited photos\n\n\nDirection and posing guidance\n\n\nPrivate online gallery\n\n<strong><\/strong><strong><\/strong><strong>Hermosas y Seguras locaciones<\/strong>, cuidadosamente seleccionado para una experiencia familiar relajada y agradable\n\n\n\n\n\n<strong>1 hora<\/strong> Sesi\u00f3n de sesi\u00f3n fotogr\u00e1fica en una ubicaci\u00f3n de playa.\n\n\n<strong>60<\/strong>&nbsp;Fotograf\u00edas editadas digitales de alta resoluci\u00f3n.\n\n\n<strong>4 Fotos Expres<\/strong> (entrega 24 horas)\n\n\n<strong>Drone photo + video clip peque\u00f1o<\/strong>\n\n\nAll unedited photos\n\n\nDirection and posing guidance\n\n\nPrivate online gallery\n\n<strong>Ubicaciones de playa espectaculares y seguras<\/strong>, seleccionado cuidadosamente para una experiencia exclusiva e inolvidable en Canc\u00fan\n\n\n\n\n\n\n<p><strong>Tambi\u00e9n podemos organizar su sesi\u00f3n en playas seleccionadas de hoteles dentro de la Zona Hotelera de Canc\u00fan.<\/strong><\/p><p>H\u00e1ganos saber d\u00f3nde se hospedan y nosotros <strong>con gusto confirmaremos la disponibilidad y coordinaremos todo<\/strong> la mejor experiencia para ustedes.<\/p>\n<h2>Check Availability NoW<\/h2>\n\n\n\n\n\n\n\n<p><strong>Limited spots<\/strong> per day. We usually get fully booked 3\u20135 days in advance.<\/p>\n\n\n\n\n\n\n<h2>Testimoniales<\/h2>\n\n\n\n\n\n\n\nFelix was very attentive to all the requests. He offered excellent service; way more than expected. He offered very prompted answers and services. He was able to capture all the great shots. I highly recommend getting him to immortalize&nbsp;the&nbsp;moment.\n\n\nDon Michi was absolutely amazing, he was very professional and kind. Basically he instructed me the whole time while doing the photo shoot which he did not have to but it was very helpful. This excursion can be done by anybody who does not have any modeling experience. He also went over and beyond for me. The meeting point was accurate and the photo shoot was just long enough in the middle of the day where the sun was setting and you could also have other things booked and planned. If you would like to have really nice photos in the Caribbean this is the guy to go to. Another note, he\u2019s one of the sweetest guys and very relaxed. He does not put pressure on you or make you feel uncomfortable, and he does Give you three edited photos and then you can choose from the proofs which ones you would like and then he will edit them and you\u2019ll get them back in about a week. I am very excited to see the outcome of the rest of my pictures.\n\n\nDon Michi was absolutely amazing, he was very professional and kind. Basically he instructed me the whole time while doing the photo shoot which he did not have to but it was very helpful. This excursion can be done by anybody who does not have any modeling experience. He also went over and beyond for me. The meeting point was accurate and the photo shoot was just long enough in the middle of the day where the sun was setting and you could also have other things booked and planned. If you would like to have really nice photos in the Caribbean this is the guy to go to. Another note, he\u2019s one of the sweetest guys and very relaxed. He does not put pressure on you or make you feel uncomfortable, and he does Give you three edited photos and then you can choose from the proofs which ones you would like and then he will edit them and you\u2019ll get them back in about a week. I am very excited to see the outcome of the rest of my pictures.\n\n\nHe is a very friendly and professional photographer. Gave very good directions on how to pose, made me feel confident and comfortable. Over all an amazing experience\n\n\nOverall a really great experience. I was nervous I&#8217;d feel weird or self-conscious, but he did a really great job of making me feel totally comfortable. The only thing is make sure you get the shots you want in the time allotted for you. My shots came out great and I would totally recommend.\n\n\nDon Michi was great!! He has an awesome personality. Loved his camera skills with so much attention to detail, He showed me a couple of takes straight from the camera &amp; I was in awe.. I loved that he really took time to get good angles and he made me feel more confident than I really am.. I will leave a full review when I receive the photographs : )\n\n\nVery friendly photographer. Super professional.Already loving how the photos came out. Even helped us get transportation back to our hotel\n\n\nBeautiful scenery and attention to detail. What a wonderful way to take engagement photos! Thank you so much! I\u2019m looking forward to seeing the beautiful prints they send me!\n\n\nDon Michi was a great photographer, he directed &amp; had amazing ideas, would love to shoot again with him!\n\n\n\n\n\n\n\n\n\n\n\n\n\n\n<p><strong>*Disclaimer: <\/strong>Prices may vary. The prices quoted are calculated for the Cancun Hotel zone area. Prices do NOT\u00a0 include video edition, daypass tickets, viatics or vendors fees. For locations in <strong>Playa del Carmen<\/strong>, un cargo adicional de <strong>$100 USD <\/strong>aplica<strong>,\u00a0<\/strong>Para algunas locaciones de<strong> Isla Mujeres<\/strong>, un cargo adicional de <strong>$20 USD<\/strong>\u00a0applies. Individual sessions do not include a specific location.\u00a0 All prices are base prices, and any additional services or customization requested by the client may result in a change of price.\u00a0For any project, a 50% deposit is required upfront. The remaining payment is settled on the day of the session before delivering the unedited photos,\u00a0<\/p>\n\n\n&nbsp;","protected":false},"excerpt":{"rendered":"","protected":false},"author":1,"featured_media":0,"parent":0,"menu_order":0,"comment_status":"closed","ping_status":"closed","template":"","meta":{"nf_dc_page":"","om_disable_all_campaigns":false,"pagelayer_contact_templates":[],"_pagelayer_content":"","footnotes":""},"class_list":["post-213","page","type-page","status-publish","hentry"],"yoast_head":"<!-- This site is optimized with the Yoast SEO plugin v27.4 - https:\/\/yoast.com\/product\/yoast-seo-wordpress\/ -->\n<title>Packages- Session Prices in Cancun - Michi Clicks<\/title>\n<meta name=\"robots\" content=\"index, follow, max-snippet:-1, max-image-preview:large, max-video-preview:-1\" \/>\n<link rel=\"canonical\" href=\"https:\/\/michiclicks.com\/es\/packages\/\" \/>\n<meta property=\"og:locale\" content=\"es_MX\" \/>\n<meta property=\"og:type\" content=\"article\" \/>\n<meta property=\"og:title\" content=\"Packages- Session Prices in Cancun - Michi Clicks\" \/>\n<meta property=\"og:url\" content=\"https:\/\/michiclicks.com\/es\/packages\/\" \/>\n<meta property=\"og:site_name\" content=\"Michi Clicks\" \/>\n<meta property=\"article:modified_time\" content=\"2026-03-28T18:59:10+00:00\" \/>\n<meta name=\"twitter:card\" content=\"summary_large_image\" \/>\n<meta name=\"twitter:site\" content=\"@michiclicks\" \/>\n<meta name=\"twitter:label1\" content=\"Tiempo de lectura\" \/>\n\t<meta name=\"twitter:data1\" content=\"4 minutos\" \/>\n<script type=\"application\/ld+json\" class=\"yoast-schema-graph\">{\"@context\":\"https:\\\/\\\/schema.org\",\"@graph\":[{\"@type\":\"WebPage\",\"@id\":\"https:\\\/\\\/michiclicks.com\\\/en\\\/packages\\\/\",\"url\":\"https:\\\/\\\/michiclicks.com\\\/en\\\/packages\\\/\",\"name\":\"Packages- Session Prices in Cancun - Michi Clicks\",\"isPartOf\":{\"@id\":\"https:\\\/\\\/michiclicks.com\\\/en\\\/#website\"},\"datePublished\":\"2023-07-08T21:49:45+00:00\",\"dateModified\":\"2026-03-28T18:59:10+00:00\",\"breadcrumb\":{\"@id\":\"https:\\\/\\\/michiclicks.com\\\/en\\\/packages\\\/#breadcrumb\"},\"inLanguage\":\"es\",\"potentialAction\":[{\"@type\":\"ReadAction\",\"target\":[\"https:\\\/\\\/michiclicks.com\\\/en\\\/packages\\\/\"]}]},{\"@type\":\"BreadcrumbList\",\"@id\":\"https:\\\/\\\/michiclicks.com\\\/en\\\/packages\\\/#breadcrumb\",\"itemListElement\":[{\"@type\":\"ListItem\",\"position\":1,\"name\":\"Home\",\"item\":\"https:\\\/\\\/michiclicks.com\\\/en\\\/\"},{\"@type\":\"ListItem\",\"position\":2,\"name\":\"Packages- Session Prices in Cancun\"}]},{\"@type\":\"WebSite\",\"@id\":\"https:\\\/\\\/michiclicks.com\\\/en\\\/#website\",\"url\":\"https:\\\/\\\/michiclicks.com\\\/en\\\/\",\"name\":\"Michi Clicks\",\"description\":\"Fotograf\u00eda Editorial y Para Creadores de Contenido para Canc\u00fan, Riviera Maya y Merida\",\"publisher\":{\"@id\":\"https:\\\/\\\/michiclicks.com\\\/en\\\/#organization\"},\"potentialAction\":[{\"@type\":\"SearchAction\",\"target\":{\"@type\":\"EntryPoint\",\"urlTemplate\":\"https:\\\/\\\/michiclicks.com\\\/en\\\/?s={search_term_string}\"},\"query-input\":{\"@type\":\"PropertyValueSpecification\",\"valueRequired\":true,\"valueName\":\"search_term_string\"}}],\"inLanguage\":\"es\"},{\"@type\":\"Organization\",\"@id\":\"https:\\\/\\\/michiclicks.com\\\/en\\\/#organization\",\"name\":\"Michi Clicks\",\"url\":\"https:\\\/\\\/michiclicks.com\\\/en\\\/\",\"logo\":{\"@type\":\"ImageObject\",\"inLanguage\":\"es\",\"@id\":\"https:\\\/\\\/michiclicks.com\\\/en\\\/#\\\/schema\\\/logo\\\/image\\\/\",\"url\":\"https:\\\/\\\/i0.wp.com\\\/michiclicks.com\\\/wp-content\\\/uploads\\\/2023\\\/05\\\/toplogob.png?fit=1110%2C233&ssl=1\",\"contentUrl\":\"https:\\\/\\\/i0.wp.com\\\/michiclicks.com\\\/wp-content\\\/uploads\\\/2023\\\/05\\\/toplogob.png?fit=1110%2C233&ssl=1\",\"width\":1110,\"height\":233,\"caption\":\"Michi Clicks\"},\"image\":{\"@id\":\"https:\\\/\\\/michiclicks.com\\\/en\\\/#\\\/schema\\\/logo\\\/image\\\/\"},\"sameAs\":[\"https:\\\/\\\/x.com\\\/michiclicks\",\"https:\\\/\\\/www.instagram.com\\\/michiclicks\\\/\"]}]}<\/script>\n<!-- \/ Yoast SEO plugin. -->","yoast_head_json":{"title":"Packages- Session Prices in Cancun - Michi Clicks","robots":{"index":"index","follow":"follow","max-snippet":"max-snippet:-1","max-image-preview":"max-image-preview:large","max-video-preview":"max-video-preview:-1"},"canonical":"https:\/\/michiclicks.com\/es\/packages\/","og_locale":"es_MX","og_type":"article","og_title":"Packages- Session Prices in Cancun - Michi Clicks","og_url":"https:\/\/michiclicks.com\/es\/packages\/","og_site_name":"Michi Clicks","article_modified_time":"2026-03-28T18:59:10+00:00","twitter_card":"summary_large_image","twitter_site":"@michiclicks","twitter_misc":{"Tiempo de lectura":"4 minutos"},"schema":{"@context":"https:\/\/schema.org","@graph":[{"@type":"WebPage","@id":"https:\/\/michiclicks.com\/en\/packages\/","url":"https:\/\/michiclicks.com\/en\/packages\/","name":"Packages- Session Prices in Cancun - Michi Clicks","isPartOf":{"@id":"https:\/\/michiclicks.com\/en\/#website"},"datePublished":"2023-07-08T21:49:45+00:00","dateModified":"2026-03-28T18:59:10+00:00","breadcrumb":{"@id":"https:\/\/michiclicks.com\/en\/packages\/#breadcrumb"},"inLanguage":"es","potentialAction":[{"@type":"ReadAction","target":["https:\/\/michiclicks.com\/en\/packages\/"]}]},{"@type":"BreadcrumbList","@id":"https:\/\/michiclicks.com\/en\/packages\/#breadcrumb","itemListElement":[{"@type":"ListItem","position":1,"name":"Home","item":"https:\/\/michiclicks.com\/en\/"},{"@type":"ListItem","position":2,"name":"Packages- Session Prices in Cancun"}]},{"@type":"WebSite","@id":"https:\/\/michiclicks.com\/en\/#website","url":"https:\/\/michiclicks.com\/en\/","name":"Michi Clicks","description":"Fotograf\u00eda Editorial y Para Creadores de Contenido para Canc\u00fan, Riviera Maya y Merida","publisher":{"@id":"https:\/\/michiclicks.com\/en\/#organization"},"potentialAction":[{"@type":"SearchAction","target":{"@type":"EntryPoint","urlTemplate":"https:\/\/michiclicks.com\/en\/?s={search_term_string}"},"query-input":{"@type":"PropertyValueSpecification","valueRequired":true,"valueName":"search_term_string"}}],"inLanguage":"es"},{"@type":"Organization","@id":"https:\/\/michiclicks.com\/en\/#organization","name":"Michi Clicks","url":"https:\/\/michiclicks.com\/en\/","logo":{"@type":"ImageObject","inLanguage":"es","@id":"https:\/\/michiclicks.com\/en\/#\/schema\/logo\/image\/","url":"https:\/\/i0.wp.com\/michiclicks.com\/wp-content\/uploads\/2023\/05\/toplogob.png?fit=1110%2C233&ssl=1","contentUrl":"https:\/\/i0.wp.com\/michiclicks.com\/wp-content\/uploads\/2023\/05\/toplogob.png?fit=1110%2C233&ssl=1","width":1110,"height":233,"caption":"Michi Clicks"},"image":{"@id":"https:\/\/michiclicks.com\/en\/#\/schema\/logo\/image\/"},"sameAs":["https:\/\/x.com\/michiclicks","https:\/\/www.instagram.com\/michiclicks\/"]}]}},"jetpack_sharing_enabled":true,"_links":{"self":[{"href":"https:\/\/michiclicks.com\/es\/wp-json\/wp\/v2\/pages\/213","targetHints":{"allow":["GET"]}}],"collection":[{"href":"https:\/\/michiclicks.com\/es\/wp-json\/wp\/v2\/pages"}],"about":[{"href":"https:\/\/michiclicks.com\/es\/wp-json\/wp\/v2\/types\/page"}],"author":[{"embeddable":true,"href":"https:\/\/michiclicks.com\/es\/wp-json\/wp\/v2\/users\/1"}],"replies":[{"embeddable":true,"href":"https:\/\/michiclicks.com\/es\/wp-json\/wp\/v2\/comments?post=213"}],"version-history":[{"count":5,"href":"https:\/\/michiclicks.com\/es\/wp-json\/wp\/v2\/pages\/213\/revisions"}],"predecessor-version":[{"id":717,"href":"https:\/\/michiclicks.com\/es\/wp-json\/wp\/v2\/pages\/213\/revisions\/717"}],"wp:attachment":[{"href":"https:\/\/michiclicks.com\/es\/wp-json\/wp\/v2\/media?parent=213"}],"curies":[{"name":"wp","href":"https:\/\/api.w.org\/{rel}","templated":true}]}}